{"id":8223,"date":"2021-12-15T19:48:18","date_gmt":"2021-12-16T01:48:18","guid":{"rendered":"http:\/\/www.ateneoesmex.com\/inicio\/?page_id=8223"},"modified":"2021-12-15T20:53:24","modified_gmt":"2021-12-16T02:53:24","slug":"mied","status":"publish","type":"page","link":"https:\/\/www.ateneoesmex.com\/inicio\/mied\/","title":{"rendered":"MIED"},"content":{"rendered":"\n<p>El Modelo Integral de Educaci\u00f3n Digital (MIED) es uno de los proyectos del Eje de Educaci\u00f3n Digital de la Fundaci\u00f3n Telef\u00f3nica Movistar M\u00e9xico. Desde el 2018 se estableci\u00f3 una alianza de colaboraci\u00f3n con el Ateneo Espa\u00f1ol de M\u00e9xico para poder operar en M\u00e9xico y as\u00ed cumplir con uno de los objetivos de la asociaci\u00f3n que es realizar en los \u00e1mbitos de su competencia proyectos propios y\/o con instituciones afines, dirigidos a la educaci\u00f3n, capacitaci\u00f3n y formaci\u00f3n.<\/p>\n\n\n\n<div class=\"wp-block-image\"><figure class=\"aligncenter size-large is-resized\"><img fetchpriority=\"high\" decoding=\"async\" src=\"http:\/\/www.ateneoesmex.com\/inicio\/wp-content\/uploads\/2021\/12\/IMG-20191201-WA0015-1024x618.jpg\" alt=\"\" class=\"wp-image-8235\" width=\"444\" height=\"268\" srcset=\"https:\/\/www.ateneoesmex.com\/inicio\/wp-content\/uploads\/2021\/12\/IMG-20191201-WA0015-1024x618.jpg 1024w, https:\/\/www.ateneoesmex.com\/inicio\/wp-content\/uploads\/2021\/12\/IMG-20191201-WA0015-300x181.jpg 300w, https:\/\/www.ateneoesmex.com\/inicio\/wp-content\/uploads\/2021\/12\/IMG-20191201-WA0015-768x464.jpg 768w, https:\/\/www.ateneoesmex.com\/inicio\/wp-content\/uploads\/2021\/12\/IMG-20191201-WA0015.jpg 1280w\" sizes=\"(max-width: 444px) 100vw, 444px\" \/><\/figure><\/div>\n\n\n\n<p>A pesar de la pandemia por Covid-19, el programa benefici\u00f3 a m\u00e1s de 50,000 alumnos; 345 escuelas y centros comunitarios; m\u00e1s de 2,200 figuras educativas; en los estados de Aguascalientes, Ciudad de M\u00e9xico, Estado de M\u00e9xico, Guerrero, Jalisco, Michoac\u00e1n, Oaxaca, Puebla, San Luis Potos\u00ed, Veracruz y Yucat\u00e1n.<\/p>\n\n\n\n<div class=\"wp-block-image\"><figure class=\"aligncenter size-large is-resized\"><img decoding=\"async\" src=\"http:\/\/www.ateneoesmex.com\/inicio\/wp-content\/uploads\/2021\/12\/IMG-20191011-WA0016-1024x768.jpg\" alt=\"\" class=\"wp-image-8232\" width=\"429\" height=\"322\" srcset=\"https:\/\/www.ateneoesmex.com\/inicio\/wp-content\/uploads\/2021\/12\/IMG-20191011-WA0016-1024x768.jpg 1024w, https:\/\/www.ateneoesmex.com\/inicio\/wp-content\/uploads\/2021\/12\/IMG-20191011-WA0016-300x225.jpg 300w, https:\/\/www.ateneoesmex.com\/inicio\/wp-content\/uploads\/2021\/12\/IMG-20191011-WA0016-768x576.jpg 768w, https:\/\/www.ateneoesmex.com\/inicio\/wp-content\/uploads\/2021\/12\/IMG-20191011-WA0016.jpg 1032w\" sizes=\"(max-width: 429px) 100vw, 429px\" \/><\/figure><\/div>\n\n\n\n<p>Como parte del proyecto se cuenta con los programas de Formaci\u00f3n docente con acompa\u00f1amiento y Formaci\u00f3n docente de autoestudio, as\u00ed como de las herramientas de los mismos como las Maletas de Equipamiento, tecnolog\u00eda a trav\u00e9s de las cuales se puede hacer una conexi\u00f3n a Internet en zona complicadas del pa\u00eds.<\/p>\n\n\n\n<div class=\"wp-block-image\"><figure class=\"aligncenter size-large is-resized\"><img decoding=\"async\" src=\"http:\/\/www.ateneoesmex.com\/inicio\/wp-content\/uploads\/2021\/12\/IMG-20200414-WA0010-1024x768.jpg\" alt=\"\" class=\"wp-image-8233\" width=\"436\" height=\"327\" srcset=\"https:\/\/www.ateneoesmex.com\/inicio\/wp-content\/uploads\/2021\/12\/IMG-20200414-WA0010-1024x768.jpg 1024w, https:\/\/www.ateneoesmex.com\/inicio\/wp-content\/uploads\/2021\/12\/IMG-20200414-WA0010-300x225.jpg 300w, https:\/\/www.ateneoesmex.com\/inicio\/wp-content\/uploads\/2021\/12\/IMG-20200414-WA0010-768x576.jpg 768w, https:\/\/www.ateneoesmex.com\/inicio\/wp-content\/uploads\/2021\/12\/IMG-20200414-WA0010.jpg 1280w\" sizes=\"(max-width: 436px) 100vw, 436px\" \/><\/figure><\/div>\n","protected":false},"excerpt":{"rendered":"<p>El Modelo Integral de Educaci\u00f3n Digital (MIED) es uno de los proyectos del Eje de Educaci\u00f3n Digital de la Fundaci\u00f3n Telef\u00f3nica Movistar M\u00e9xico. Desde el 2018 se estableci\u00f3 una alianza de colaboraci\u00f3n con el Ateneo Espa\u00f1ol de M\u00e9xico para poder operar en M\u00e9xico y as\u00ed cumplir con uno de los objetivos de la asociaci\u00f3n que [&#8230;]<\/p>\n","protected":false},"author":2,"featured_media":8235,"parent":0,"menu_order":0,"comment_status":"closed","ping_status":"closed","template":"","meta":{"inline_featured_image":false,"_mi_skip_tracking":false,"_exactmetrics_sitenote_active":false,"_exactmetrics_sitenote_note":"","_exactmetrics_sitenote_category":0,"footnotes":""},"class_list":["post-8223","page","type-page","status-publish","has-post-thumbnail","hentry"],"_links":{"self":[{"href":"https:\/\/www.ateneoesmex.com\/inicio\/wp-json\/wp\/v2\/pages\/8223","targetHints":{"allow":["GET"]}}],"collection":[{"href":"https:\/\/www.ateneoesmex.com\/inicio\/wp-json\/wp\/v2\/pages"}],"about":[{"href":"https:\/\/www.ateneoesmex.com\/inicio\/wp-json\/wp\/v2\/types\/page"}],"author":[{"embeddable":true,"href":"https:\/\/www.ateneoesmex.com\/inicio\/wp-json\/wp\/v2\/users\/2"}],"replies":[{"embeddable":true,"href":"https:\/\/www.ateneoesmex.com\/inicio\/wp-json\/wp\/v2\/comments?post=8223"}],"version-history":[{"count":3,"href":"https:\/\/www.ateneoesmex.com\/inicio\/wp-json\/wp\/v2\/pages\/8223\/revisions"}],"predecessor-version":[{"id":8237,"href":"https:\/\/www.ateneoesmex.com\/inicio\/wp-json\/wp\/v2\/pages\/8223\/revisions\/8237"}],"wp:featuredmedia":[{"embeddable":true,"href":"https:\/\/www.ateneoesmex.com\/inicio\/wp-json\/wp\/v2\/media\/8235"}],"wp:attachment":[{"href":"https:\/\/www.ateneoesmex.com\/inicio\/wp-json\/wp\/v2\/media?parent=8223"}],"curies":[{"name":"wp","href":"https:\/\/api.w.org\/{rel}","templated":true}]}}