{"id":4675,"date":"2018-09-04T22:50:36","date_gmt":"2018-09-04T22:50:36","guid":{"rendered":"http:\/\/www.ateneoesmex.com\/inicio\/?page_id=4675"},"modified":"2024-01-18T14:04:57","modified_gmt":"2024-01-18T20:04:57","slug":"directorio","status":"publish","type":"page","link":"https:\/\/www.ateneoesmex.com\/inicio\/directorio\/","title":{"rendered":"Directorio"},"content":{"rendered":"<p><strong>Tel\u00e9fonos:<\/strong><\/p>\n<p>Secretar\u00eda administrativa y atenci\u00f3n a asociados | Rebeca Mu\u00f1oz Morales | (+52) 55 5709 0027<\/p>\n<p>Coordinaci\u00f3n cultural y de proyectos | Luis Manuel Ortiz Paredes | (+52) 55 5709 0027<\/p>\n<p>Redes sociales | Stephanie Riojas Mu\u00f1oz | (+52) 55 5709 0027<\/p>\n<p>Archivo y Biblioteca | Ariadna Lili\u00e1n Rodr\u00edguez Argueta | (+52) 55 2121 6720 Ext. 103 y 106<\/p>\n<hr \/>\n<p>Hamburgo 6, Col. Ju\u00e1rez, Alc. Cuauht\u00e9moc<\/p>\n<p>C.P. 06600, Ciudad de M\u00e9xico<\/p>\n","protected":false},"excerpt":{"rendered":"<p>Tel\u00e9fonos:<br \/>\nSecretar\u00eda administrativa y atenci\u00f3n a asociados | Rebeca Mu\u00f1oz Morales | (+52) 55 5709 0027<br \/>\nCoordinaci\u00f3n cultural y de proyectos | Luis Manuel Ortiz Paredes | (+52) 55 5709 0027<br \/>\nRedes sociales | Stephanie Riojas Mu\u00f1oz | (+52) 55 5709 0027<br \/>\nArchivo y Biblioteca | Ariadna Lili\u00e1n Rodr\u00edguez Argueta | (+52) 55 2121 6720 Ext. 103 y 106<\/p>\n<p>Hamburgo [&#8230;]<\/p>\n","protected":false},"author":2,"featured_media":0,"parent":0,"menu_order":0,"comment_status":"closed","ping_status":"closed","template":"","meta":{"inline_featured_image":false,"_mi_skip_tracking":false,"_exactmetrics_sitenote_active":false,"_exactmetrics_sitenote_note":"","_exactmetrics_sitenote_category":0,"footnotes":""},"class_list":["post-4675","page","type-page","status-publish","hentry"],"_links":{"self":[{"href":"https:\/\/www.ateneoesmex.com\/inicio\/wp-json\/wp\/v2\/pages\/4675","targetHints":{"allow":["GET"]}}],"collection":[{"href":"https:\/\/www.ateneoesmex.com\/inicio\/wp-json\/wp\/v2\/pages"}],"about":[{"href":"https:\/\/www.ateneoesmex.com\/inicio\/wp-json\/wp\/v2\/types\/page"}],"author":[{"embeddable":true,"href":"https:\/\/www.ateneoesmex.com\/inicio\/wp-json\/wp\/v2\/users\/2"}],"replies":[{"embeddable":true,"href":"https:\/\/www.ateneoesmex.com\/inicio\/wp-json\/wp\/v2\/comments?post=4675"}],"version-history":[{"count":6,"href":"https:\/\/www.ateneoesmex.com\/inicio\/wp-json\/wp\/v2\/pages\/4675\/revisions"}],"predecessor-version":[{"id":9983,"href":"https:\/\/www.ateneoesmex.com\/inicio\/wp-json\/wp\/v2\/pages\/4675\/revisions\/9983"}],"wp:attachment":[{"href":"https:\/\/www.ateneoesmex.com\/inicio\/wp-json\/wp\/v2\/media?parent=4675"}],"curies":[{"name":"wp","href":"https:\/\/api.w.org\/{rel}","templated":true}]}}