{"id":4014,"date":"2018-07-31T10:03:23","date_gmt":"2018-07-31T10:03:23","guid":{"rendered":"http:\/\/www.ateneoesmex.com\/inicio\/?page_id=4014"},"modified":"2022-08-01T19:47:50","modified_gmt":"2022-08-02T00:47:50","slug":"biblioteca-digital","status":"publish","type":"page","link":"https:\/\/www.ateneoesmex.com\/inicio\/biblioteca-digital\/","title":{"rendered":"Biblioteca Digital"},"content":{"rendered":"\n<p><strong>Haz clic en la imagen para descargar el documento: <\/strong><\/p>\n\n\n\n<figure class=\"wp-block-image size-large is-resized\"><a href=\"http:\/\/www.ateneoesmex.com\/inicio\/wp-content\/uploads\/2019\/12\/Interiores_Memoria_Baja-4.pdf\" target=\"_blank\" rel=\"noopener noreferrer\"><img fetchpriority=\"high\" decoding=\"async\" src=\"http:\/\/www.ateneoesmex.com\/inicio\/wp-content\/uploads\/2019\/12\/Portada-del-L.-Memoria-del-Ateneo-Espa\u00f1ol-de-M\u00e9xico-2.jpg\" alt=\"\" class=\"wp-image-6500\" width=\"266\" height=\"290\" srcset=\"https:\/\/www.ateneoesmex.com\/inicio\/wp-content\/uploads\/2019\/12\/Portada-del-L.-Memoria-del-Ateneo-Espa\u00f1ol-de-M\u00e9xico-2.jpg 419w, https:\/\/www.ateneoesmex.com\/inicio\/wp-content\/uploads\/2019\/12\/Portada-del-L.-Memoria-del-Ateneo-Espa\u00f1ol-de-M\u00e9xico-2-275x300.jpg 275w\" sizes=\"(max-width: 266px) 100vw, 266px\" \/><\/a><\/figure>\n\n\n\n<p>Haz clic en la imagen para descargar el documento: <\/p>\n\n\n\n<figure class=\"wp-block-image size-large is-resized\"><a href=\"http:\/\/www.ateneoesmex.com\/inicio\/wp-content\/uploads\/2019\/12\/Presencia_del_exilio_Baja.pdf\" target=\"_blank\" rel=\"noopener noreferrer\"><img decoding=\"async\" src=\"http:\/\/www.ateneoesmex.com\/inicio\/wp-content\/uploads\/2019\/12\/Portada-del-L.-Exilio-espa\u00f1ol-en-la-arquitectura-mexicana-3.jpg\" alt=\"\" class=\"wp-image-6486\" width=\"271\" height=\"351\" srcset=\"https:\/\/www.ateneoesmex.com\/inicio\/wp-content\/uploads\/2019\/12\/Portada-del-L.-Exilio-espa\u00f1ol-en-la-arquitectura-mexicana-3.jpg 560w, https:\/\/www.ateneoesmex.com\/inicio\/wp-content\/uploads\/2019\/12\/Portada-del-L.-Exilio-espa\u00f1ol-en-la-arquitectura-mexicana-3-232x300.jpg 232w\" sizes=\"(max-width: 271px) 100vw, 271px\" \/><\/a><\/figure>\n\n\n\n<p>Haz clic en la imagen para descargar el documento: <\/p>\n\n\n\n<figure class=\"wp-block-image size-large is-resized\"><a href=\"http:\/\/www.ateneoesmex.com\/inicio\/wp-content\/uploads\/2019\/12\/Arquitectos_esp_exilio_Baja.pdf\" target=\"_blank\" rel=\"noopener noreferrer\"><img decoding=\"async\" src=\"http:\/\/www.ateneoesmex.com\/inicio\/wp-content\/uploads\/2019\/12\/Portada-del-L.-Arquitectos-espa\u00f1oles-en-M\u00e9xico.jpg\" alt=\"\" class=\"wp-image-6482\" width=\"275\" height=\"375\" srcset=\"https:\/\/www.ateneoesmex.com\/inicio\/wp-content\/uploads\/2019\/12\/Portada-del-L.-Arquitectos-espa\u00f1oles-en-M\u00e9xico.jpg 536w, https:\/\/www.ateneoesmex.com\/inicio\/wp-content\/uploads\/2019\/12\/Portada-del-L.-Arquitectos-espa\u00f1oles-en-M\u00e9xico-220x300.jpg 220w\" sizes=\"(max-width: 275px) 100vw, 275px\" \/><\/a><\/figure>\n\n\n<p><strong>Descarga los n\u00fameros de <em>Atene\u00edstas. Bolet\u00edn de educaci\u00f3n y cultura iberoamericana:<\/em><\/strong><\/p>\n<p>Haz click en la imagen:<\/p>\n<p><a href=\"http:\/\/www.ateneoesmex.com\/inicio\/wp-content\/uploads\/2018\/07\/Ateneistas1-1.pdf\"><img loading=\"lazy\" decoding=\"async\" class=\"alignnone wp-image-3968 size-medium\" src=\"http:\/\/www.ateneoesmex.com\/inicio\/wp-content\/uploads\/2018\/07\/Ateneistas1-200x300.png\" alt=\"\" width=\"200\" height=\"300\" srcset=\"https:\/\/www.ateneoesmex.com\/inicio\/wp-content\/uploads\/2018\/07\/Ateneistas1-200x300.png 200w, https:\/\/www.ateneoesmex.com\/inicio\/wp-content\/uploads\/2018\/07\/Ateneistas1.png 480w\" sizes=\"(max-width: 200px) 100vw, 200px\" \/><\/a><\/p>\n<p><a href=\"http:\/\/www.ateneoesmex.com\/inicio\/wp-content\/uploads\/2018\/10\/Ateneistas2.pdf\"><img loading=\"lazy\" decoding=\"async\" class=\"size-medium wp-image-4725 alignleft\" src=\"http:\/\/www.ateneoesmex.com\/inicio\/wp-content\/uploads\/2018\/10\/Ateneistas2-194x300.png\" alt=\"\" width=\"194\" height=\"300\" srcset=\"https:\/\/www.ateneoesmex.com\/inicio\/wp-content\/uploads\/2018\/10\/Ateneistas2-194x300.png 194w, https:\/\/www.ateneoesmex.com\/inicio\/wp-content\/uploads\/2018\/10\/Ateneistas2.png 528w\" sizes=\"(max-width: 194px) 100vw, 194px\" \/><\/a><\/p>\n<p>\u00a0<\/p>\n<p>\u00a0<\/p>\n<p>\u00a0<\/p>\n<p>\u00a0<\/p>\n<p>\u00a0<\/p>\n<p>\u00a0<\/p>\n<p>\u00a0<\/p>\n<p><a href=\"http:\/\/www.ateneoesmex.com\/inicio\/wp-content\/uploads\/2019\/03\/Ateneistas3.pdf\" target=\"_blank\" rel=\"noopener noreferrer\"><img loading=\"lazy\" decoding=\"async\" class=\"alignleft wp-image-5117 size-medium\" src=\"http:\/\/www.ateneoesmex.com\/inicio\/wp-content\/uploads\/2019\/03\/Ateneistas3-1-194x300.jpg\" alt=\"\" width=\"194\" height=\"300\" srcset=\"https:\/\/www.ateneoesmex.com\/inicio\/wp-content\/uploads\/2019\/03\/Ateneistas3-1-194x300.jpg 194w, https:\/\/www.ateneoesmex.com\/inicio\/wp-content\/uploads\/2019\/03\/Ateneistas3-1-768x1187.jpg 768w, https:\/\/www.ateneoesmex.com\/inicio\/wp-content\/uploads\/2019\/03\/Ateneistas3-1-663x1024.jpg 663w, https:\/\/www.ateneoesmex.com\/inicio\/wp-content\/uploads\/2019\/03\/Ateneistas3-1.jpg 1440w\" sizes=\"(max-width: 194px) 100vw, 194px\" \/><\/a><\/p>\n<p>\u00a0<\/p>\n<p>\u00a0<\/p>\n<p>\u00a0<\/p>\n<p>\u00a0<\/p>\n<p>\u00a0<\/p>\n<p>\u00a0<\/p>\n<p>\u00a0<\/p>\n<p><a href=\"http:\/\/www.ateneoesmex.com\/inicio\/wp-content\/uploads\/2020\/11\/ATENEISTAS-4.pdf\"><img loading=\"lazy\" decoding=\"async\" class=\"alignleft wp-image-7486\" src=\"http:\/\/www.ateneoesmex.com\/inicio\/wp-content\/uploads\/2020\/11\/Captura-de-Pantalla-2020-11-03-a-las-14.45.36-2-664x1024.png\" alt=\"\" width=\"194\" height=\"299\" srcset=\"https:\/\/www.ateneoesmex.com\/inicio\/wp-content\/uploads\/2020\/11\/Captura-de-Pantalla-2020-11-03-a-las-14.45.36-2-664x1024.png 664w, https:\/\/www.ateneoesmex.com\/inicio\/wp-content\/uploads\/2020\/11\/Captura-de-Pantalla-2020-11-03-a-las-14.45.36-2-194x300.png 194w, https:\/\/www.ateneoesmex.com\/inicio\/wp-content\/uploads\/2020\/11\/Captura-de-Pantalla-2020-11-03-a-las-14.45.36-2-768x1185.png 768w, https:\/\/www.ateneoesmex.com\/inicio\/wp-content\/uploads\/2020\/11\/Captura-de-Pantalla-2020-11-03-a-las-14.45.36-2-995x1536.png 995w, https:\/\/www.ateneoesmex.com\/inicio\/wp-content\/uploads\/2020\/11\/Captura-de-Pantalla-2020-11-03-a-las-14.45.36-2.png 1248w\" sizes=\"(max-width: 194px) 100vw, 194px\" \/><\/a><\/p>\n<p>\u00a0<\/p>","protected":false},"excerpt":{"rendered":"<p>Haz clic en la imagen para descargar el documento: <\/p>\n<p>Haz clic en la imagen para descargar el documento: <\/p>\n<p>Haz clic en la imagen para descargar el documento: <\/p>\n<p>Descarga los n\u00fameros de Atene\u00edstas. Bolet\u00edn de educaci\u00f3n y cultura iberoamericana:<br \/>\nHaz click en la imagen:<\/p>\n<p>\u00a0<br \/>\n\u00a0<br \/>\n\u00a0<br \/>\n\u00a0<br \/>\n\u00a0<br \/>\n\u00a0<br \/>\n\u00a0<\/p>\n<p>\u00a0<br \/>\n\u00a0<br \/>\n\u00a0<br \/>\n\u00a0<br \/>\n\u00a0<br \/>\n\u00a0<br \/>\n\u00a0<\/p>\n<p>\u00a0<\/p>\n","protected":false},"author":2,"featured_media":6500,"parent":0,"menu_order":0,"comment_status":"closed","ping_status":"closed","template":"","meta":{"inline_featured_image":false,"_mi_skip_tracking":false,"_exactmetrics_sitenote_active":false,"_exactmetrics_sitenote_note":"","_exactmetrics_sitenote_category":0,"footnotes":""},"class_list":["post-4014","page","type-page","status-publish","has-post-thumbnail","hentry"],"_links":{"self":[{"href":"https:\/\/www.ateneoesmex.com\/inicio\/wp-json\/wp\/v2\/pages\/4014","targetHints":{"allow":["GET"]}}],"collection":[{"href":"https:\/\/www.ateneoesmex.com\/inicio\/wp-json\/wp\/v2\/pages"}],"about":[{"href":"https:\/\/www.ateneoesmex.com\/inicio\/wp-json\/wp\/v2\/types\/page"}],"author":[{"embeddable":true,"href":"https:\/\/www.ateneoesmex.com\/inicio\/wp-json\/wp\/v2\/users\/2"}],"replies":[{"embeddable":true,"href":"https:\/\/www.ateneoesmex.com\/inicio\/wp-json\/wp\/v2\/comments?post=4014"}],"version-history":[{"count":43,"href":"https:\/\/www.ateneoesmex.com\/inicio\/wp-json\/wp\/v2\/pages\/4014\/revisions"}],"predecessor-version":[{"id":8530,"href":"https:\/\/www.ateneoesmex.com\/inicio\/wp-json\/wp\/v2\/pages\/4014\/revisions\/8530"}],"wp:featuredmedia":[{"embeddable":true,"href":"https:\/\/www.ateneoesmex.com\/inicio\/wp-json\/wp\/v2\/media\/6500"}],"wp:attachment":[{"href":"https:\/\/www.ateneoesmex.com\/inicio\/wp-json\/wp\/v2\/media?parent=4014"}],"curies":[{"name":"wp","href":"https:\/\/api.w.org\/{rel}","templated":true}]}}